{"id":15,"date":"2014-11-01T18:54:31","date_gmt":"2014-11-01T18:54:31","guid":{"rendered":"http:\/\/mpa.webs.upv.es\/?page_id=15"},"modified":"2021-12-28T11:30:13","modified_gmt":"2021-12-28T11:30:13","slug":"programa","status":"publish","type":"page","link":"https:\/\/mugp.webs.upv.es\/inicio\/programa\/","title":{"rendered":"Programa"},"content":{"rendered":"<section class=\"wpb-content-wrapper\"><p>[vc_row][vc_column][vc_column_text]Las asignaturas del M\u00e1ster en Ganader\u00eda de Precisi\u00f3n tienen entre 1 y 12 cr\u00e9ditos ECTS. Hay que cursar 32 cr\u00e9ditos ECTS en asignaturas obligatorias, 12 cr\u00e9ditos ECTS en asignaturas optativas y 12 cr\u00e9ditos ECTS en un\u00a0Trabajo de Fin de M\u00e1ster.[\/vc_column_text][\/vc_column][\/vc_row][vc_row][vc_column][vc_column_text]<\/p>\n<h3>M\u00f3dulo 1: Bases y Herramientas de la Ganader\u00eda de Precisi\u00f3n<\/h3>\n<p>[\/vc_column_text][\/vc_column][vc_column width=\u00bb1\/1&#8243;]            <div class=\"courses-list\">\r\n                  <table class=\"table course-list-table\">\r\n          <thead class=\"main-color-1-bg dark-div\">\r\n            <tr>\r\n              <th>ID<\/th>\r\n              <th>Course Name<\/th>\r\n              <th>Duration<\/th>\r\n              <th>Start Date<\/th>\r\n            <\/tr>\r\n          <\/thead>\r\n          <tbody>                          \r\n                          <tr>\r\n                  <td><a href=\"https:\/\/mugp.webs.upv.es\/inicio\/asignatura\/proyectos\/\">PROY<\/a><\/td>\r\n                  <td><a href=\"https:\/\/mugp.webs.upv.es\/inicio\/asignatura\/proyectos\/\">Proyectos de Ganader\u00eda de Precisi\u00f3n<\/a><\/td>\r\n                  <td>Semestre A<\/td>\r\n                  <td><\/td>\r\n                <\/tr>\r\n                            <tr>\r\n                  <td><a href=\"https:\/\/mugp.webs.upv.es\/inicio\/asignatura\/direccion-empresas\/\">DIREMP<\/a><\/td>\r\n                  <td><a href=\"https:\/\/mugp.webs.upv.es\/inicio\/asignatura\/direccion-empresas\/\">Direcci\u00f3n empresarial y competencias directivas<\/a><\/td>\r\n                  <td>Semestre B<\/td>\r\n                  <td><\/td>\r\n                <\/tr>\r\n                            <tr>\r\n                  <td><a href=\"https:\/\/mugp.webs.upv.es\/inicio\/asignatura\/big-data\/\">BIGDATA<\/a><\/td>\r\n                  <td><a href=\"https:\/\/mugp.webs.upv.es\/inicio\/asignatura\/big-data\/\">BIG DATA: Gesti\u00f3n de la informaci\u00f3n<\/a><\/td>\r\n                  <td>Semestre A<\/td>\r\n                  <td><\/td>\r\n                <\/tr>\r\n                            <tr>\r\n                  <td><a href=\"https:\/\/mugp.webs.upv.es\/inicio\/asignatura\/herramientas-biotecnologicas\/\">BIOTEC<\/a><\/td>\r\n                  <td><a href=\"https:\/\/mugp.webs.upv.es\/inicio\/asignatura\/herramientas-biotecnologicas\/\">Herramientas biotecnol\u00f3gicas de la ganader\u00eda de precisi\u00f3n<\/a><\/td>\r\n                  <td>Semestre A<\/td>\r\n                  <td><\/td>\r\n                <\/tr>\r\n                            <tr>\r\n                  <td><a href=\"https:\/\/mugp.webs.upv.es\/inicio\/asignatura\/herramientas-tecnologicas\/\">TECNO<\/a><\/td>\r\n                  <td><a href=\"https:\/\/mugp.webs.upv.es\/inicio\/asignatura\/herramientas-tecnologicas\/\">Herramientas tecnol\u00f3gicas en ganader\u00eda de precisi\u00f3n<\/a><\/td>\r\n                  <td>Semestre A<\/td>\r\n                  <td><\/td>\r\n                <\/tr>\r\n                            <tr>\r\n                  <td><a href=\"https:\/\/mugp.webs.upv.es\/inicio\/asignatura\/retos-biologicos\/\">RBIO<\/a><\/td>\r\n                  <td><a href=\"https:\/\/mugp.webs.upv.es\/inicio\/asignatura\/retos-biologicos\/\">Retos biol\u00f3gicos de la Ganader\u00eda de Precisi\u00f3n<\/a><\/td>\r\n                  <td>Semestre A<\/td>\r\n                  <td><\/td>\r\n                <\/tr>\r\n                            <tr>\r\n                  <td><a href=\"https:\/\/mugp.webs.upv.es\/inicio\/asignatura\/calidad-trazabilidad-impacto-ambiental\/\">CPIA<\/a><\/td>\r\n                  <td><a href=\"https:\/\/mugp.webs.upv.es\/inicio\/asignatura\/calidad-trazabilidad-impacto-ambiental\/\">Calidad, trazabilidad e impacto ambiental de la cadena productiva<\/a><\/td>\r\n                  <td>Semestre A<\/td>\r\n                  <td><\/td>\r\n                <\/tr>\r\n                                <\/tbody>\r\n        <\/table>\r\n        <\/div><!--\/courses-list-->\r\n    [\/vc_column][\/vc_row][vc_row][vc_column][vc_column_text]<\/p>\n<h3>M\u00f3dulo 2: Aplicaci\u00f3n pr\u00e1ctica de la Ganader\u00eda de Precisi\u00f3n<\/h3>\n<p>[\/vc_column_text][\/vc_column][vc_column width=\u00bb1\/1&#8243;]            <div class=\"courses-list\">\r\n                  <table class=\"table course-list-table\">\r\n          <thead class=\"main-color-1-bg dark-div\">\r\n            <tr>\r\n              <th>ID<\/th>\r\n              <th>Course Name<\/th>\r\n              <th>Duration<\/th>\r\n              <th>Start Date<\/th>\r\n            <\/tr>\r\n          <\/thead>\r\n          <tbody>                          \r\n                          <tr>\r\n                  <td><a href=\"https:\/\/mugp.webs.upv.es\/inicio\/asignatura\/iniciacion-investigacion\/\">INV<\/a><\/td>\r\n                  <td><a href=\"https:\/\/mugp.webs.upv.es\/inicio\/asignatura\/iniciacion-investigacion\/\">Iniciaci\u00f3n a la Investigaci\u00f3n<\/a><\/td>\r\n                  <td>Semestre B<\/td>\r\n                  <td><\/td>\r\n                <\/tr>\r\n                            <tr>\r\n                  <td><a href=\"https:\/\/mugp.webs.upv.es\/inicio\/asignatura\/genetica-y-biotecnologia-animal\/\">PRACT<\/a><\/td>\r\n                  <td><a href=\"https:\/\/mugp.webs.upv.es\/inicio\/asignatura\/genetica-y-biotecnologia-animal\/\">Pr\u00e1cticas en Empresa<\/a><\/td>\r\n                  <td>Semestre B<\/td>\r\n                  <td><\/td>\r\n                <\/tr>\r\n                                <\/tbody>\r\n        <\/table>\r\n        <\/div><!--\/courses-list-->\r\n    [\/vc_column][\/vc_row][vc_row][vc_column][vc_column_text]<\/p>\n<\/section>","protected":false},"excerpt":{"rendered":"<p>[vc_row][vc_column][vc_column_text]Las asignaturas del M\u00e1ster en Ganader\u00eda de Precisi\u00f3n tienen entre 1 y 12 cr\u00e9ditos ECTS. Hay que cursar 32 cr\u00e9ditos ECTS en asignaturas obligatorias, 12 cr\u00e9ditos ECTS en asignaturas optativas y 12 cr\u00e9ditos ECTS en un\u00a0Trabajo de Fin de M\u00e1ster.[\/vc_column_text][\/vc_column][\/vc_row][vc_row][vc_column][vc_column_text] M\u00f3dulo 1: Bases y Herramientas de la Ganader\u00eda de Precisi\u00f3n [\/vc_column_text][\/vc_column][vc_column width=\u00bb1\/1&#8243;][\/vc_column][\/vc_row][vc_row][vc_column][vc_column_text] M\u00f3dulo 2: Aplicaci\u00f3n [&hellip;]<\/p>\n","protected":false},"author":1,"featured_media":0,"parent":0,"menu_order":0,"comment_status":"closed","ping_status":"closed","template":"","meta":{"footnotes":""},"class_list":["post-15","page","type-page","status-publish","hentry"],"_links":{"self":[{"href":"https:\/\/mugp.webs.upv.es\/inicio\/wp-json\/wp\/v2\/pages\/15","targetHints":{"allow":["GET"]}}],"collection":[{"href":"https:\/\/mugp.webs.upv.es\/inicio\/wp-json\/wp\/v2\/pages"}],"about":[{"href":"https:\/\/mugp.webs.upv.es\/inicio\/wp-json\/wp\/v2\/types\/page"}],"author":[{"embeddable":true,"href":"https:\/\/mugp.webs.upv.es\/inicio\/wp-json\/wp\/v2\/users\/1"}],"replies":[{"embeddable":true,"href":"https:\/\/mugp.webs.upv.es\/inicio\/wp-json\/wp\/v2\/comments?post=15"}],"version-history":[{"count":37,"href":"https:\/\/mugp.webs.upv.es\/inicio\/wp-json\/wp\/v2\/pages\/15\/revisions"}],"predecessor-version":[{"id":630,"href":"https:\/\/mugp.webs.upv.es\/inicio\/wp-json\/wp\/v2\/pages\/15\/revisions\/630"}],"wp:attachment":[{"href":"https:\/\/mugp.webs.upv.es\/inicio\/wp-json\/wp\/v2\/media?parent=15"}],"curies":[{"name":"wp","href":"https:\/\/api.w.org\/{rel}","templated":true}]}}