{"id":27,"date":"2014-11-01T18:57:53","date_gmt":"2014-11-01T18:57:53","guid":{"rendered":"http:\/\/mpa.webs.upv.es\/?page_id=27"},"modified":"2022-06-28T12:04:45","modified_gmt":"2022-06-28T12:04:45","slug":"objetivos","status":"publish","type":"page","link":"https:\/\/mugp.webs.upv.es\/inicio\/objetivos\/","title":{"rendered":"Objetivos"},"content":{"rendered":"<section class=\"wpb-content-wrapper\"><p>[vc_row][vc_column width=\u00bb1\/1&#8243;][vc_column_text]El M\u00e1ster Universitario en Ganader\u00eda de Precisi\u00f3n pretende completar la formaci\u00f3n de aquellos graduados, principalmente en agronom\u00eda, zootecnia y veterinaria, que deseen especializarse en los principales aspectos de la ganader\u00eda precisi\u00f3n que demanda actualmente el sector ganadero, como son el desarrollo de nuevas herramientas biotecnol\u00f3gicas para la nutrici\u00f3n y salud animal, la certificaci\u00f3n del bienestar animal, la bioseguridad y el impacto ambiental de la explotaciones, la sensorizaci\u00f3n y automatizaci\u00f3n de los sistemas productivos, la gesti\u00f3n de la informaci\u00f3n que dicha monitorizaci\u00f3n genera para la mejora de la rentabilidad, y la gesti\u00f3n empresarial de dichos proyectos y equipos en el \u00e1mbito ganadero. Consecuentemente, se persigue proporcionar a los estudiantes conocimientos y destrezas que les capaciten para desempe\u00f1ar las siguientes tareas:[\/vc_column_text][\/vc_column][\/vc_row][vc_row][vc_column width=\u00bb1\/4&#8243;][vc_single_image image=\u00bb242&#8243; alignment=\u00bbcenter\u00bb border_color=\u00bbgrey\u00bb img_link_target=\u00bb_self\u00bb el_class=\u00bbobjetivos\u00bb][vc_column_text]<\/p>\n<p style=\"text-align: center;\">Desarrollar herramientas biotecnol\u00f3gicas y tecnol\u00f3gicas para su aplicaci\u00f3n en ganader\u00eda de precisi\u00f3n<\/p>\n<p>[\/vc_column_text][\/vc_column][vc_column width=\u00bb1\/4&#8243;][vc_single_image image=\u00bb241&#8243; alignment=\u00bbcenter\u00bb border_color=\u00bbgrey\u00bb img_link_target=\u00bb_self\u00bb el_class=\u00bbobjetivos\u00bb][vc_column_text]<\/p>\n<p style=\"text-align: center;\">Manejar herramientas para la valoraci\u00f3n y certificaci\u00f3n del bienestar animal y la bioseguridad de las explotaciones<\/p>\n<p>[\/vc_column_text][\/vc_column][vc_column width=\u00bb1\/4&#8243;][vc_single_image image=\u00bb245&#8243; alignment=\u00bbcenter\u00bb border_color=\u00bbgrey\u00bb img_link_target=\u00bb_self\u00bb el_class=\u00bbobjetivos\u00bb][vc_column_text]<\/p>\n<p style=\"text-align: center;\">Desarrollar de sistemas de producci\u00f3n m\u00e1s sostenibles, teniendo en cuenta el impacto de la ganader\u00eda, la eficiencia energ\u00e9tica, la cadena de valor, la reducci\u00f3n de la utilizaci\u00f3n de antibi\u00f3ticos, y el aprovechamiento y valorizaci\u00f3n de subproductos<\/p>\n<p>[\/vc_column_text][\/vc_column][vc_column width=\u00bb1\/4&#8243;][vc_single_image image=\u00bb243&#8243; alignment=\u00bbcenter\u00bb border_color=\u00bbgrey\u00bb img_link_target=\u00bb_self\u00bb el_class=\u00bbobjetivos\u00bb][vc_column_text]<\/p>\n<p style=\"text-align: center;\">Garantizar la seguridad de los alimentos de origen animales<\/p>\n<p>[\/vc_column_text][\/vc_column][\/vc_row][vc_row][vc_column width=\u00bb1\/4&#8243;][vc_single_image image=\u00bb246&#8243; alignment=\u00bbcenter\u00bb border_color=\u00bbgrey\u00bb img_link_target=\u00bb_self\u00bb el_class=\u00bbobjetivos\u00bb][vc_column_text]<\/p>\n<p style=\"text-align: center;\">Establecer programas de automatizaci\u00f3n y control ambiental en las explotaciones ganaderas<\/p>\n<p>[\/vc_column_text][\/vc_column][vc_column width=\u00bb1\/4&#8243;][vc_single_image image=\u00bb239&#8243; alignment=\u00bbcenter\u00bb border_color=\u00bbgrey\u00bb img_link_target=\u00bb_self\u00bb el_class=\u00bbobjetivos\u00bb][vc_column_text]<\/p>\n<p style=\"text-align: center;\">Evaluar y corregir el impacto de las granjas sobre el medio ambiente<\/p>\n<p>[\/vc_column_text][\/vc_column][vc_column width=\u00bb1\/4&#8243;][vc_single_image image=\u00bb244&#8243; alignment=\u00bbcenter\u00bb border_color=\u00bbgrey\u00bb img_link_target=\u00bb_self\u00bb el_class=\u00bbobjetivos\u00bb][vc_column_text]<\/p>\n<p style=\"text-align: center;\">Adquirir de habilidades de gesti\u00f3n empresarial de proyectos y personal, as\u00ed c\u00f3mo para la direcci\u00f3n de equipos de trabajo en el \u00e1mbito de la ganader\u00eda de precisi\u00f3n.<\/p>\n<p>[\/vc_column_text][\/vc_column][vc_column width=\u00bb1\/4&#8243;][vc_single_image image=\u00bb240&#8243; alignment=\u00bbcenter\u00bb border_color=\u00bbgrey\u00bb img_link_target=\u00bb_self\u00bb el_class=\u00bbobjetivos\u00bb][vc_column_text]<\/p>\n<p style=\"text-align: center;\">Gestionar grandes bases de datos obtenidos en el marco de la ganader\u00eda de precisi\u00f3n<\/p>\n<p>[\/vc_column_text][\/vc_column][\/vc_row]<\/p>\n<\/section>","protected":false},"excerpt":{"rendered":"<p>[vc_row][vc_column width=\u00bb1\/1&#8243;][vc_column_text]El M\u00e1ster Universitario en Ganader\u00eda de Precisi\u00f3n pretende completar la formaci\u00f3n de aquellos graduados, principalmente en agronom\u00eda, zootecnia y veterinaria, que deseen especializarse en los principales aspectos de la ganader\u00eda precisi\u00f3n que demanda actualmente el sector ganadero, como son el desarrollo de nuevas herramientas biotecnol\u00f3gicas para la nutrici\u00f3n y salud animal, la certificaci\u00f3n del [&hellip;]<\/p>\n","protected":false},"author":1,"featured_media":0,"parent":0,"menu_order":0,"comment_status":"closed","ping_status":"closed","template":"","meta":{"footnotes":""},"class_list":["post-27","page","type-page","status-publish","hentry"],"_links":{"self":[{"href":"https:\/\/mugp.webs.upv.es\/inicio\/wp-json\/wp\/v2\/pages\/27","targetHints":{"allow":["GET"]}}],"collection":[{"href":"https:\/\/mugp.webs.upv.es\/inicio\/wp-json\/wp\/v2\/pages"}],"about":[{"href":"https:\/\/mugp.webs.upv.es\/inicio\/wp-json\/wp\/v2\/types\/page"}],"author":[{"embeddable":true,"href":"https:\/\/mugp.webs.upv.es\/inicio\/wp-json\/wp\/v2\/users\/1"}],"replies":[{"embeddable":true,"href":"https:\/\/mugp.webs.upv.es\/inicio\/wp-json\/wp\/v2\/comments?post=27"}],"version-history":[{"count":14,"href":"https:\/\/mugp.webs.upv.es\/inicio\/wp-json\/wp\/v2\/pages\/27\/revisions"}],"predecessor-version":[{"id":729,"href":"https:\/\/mugp.webs.upv.es\/inicio\/wp-json\/wp\/v2\/pages\/27\/revisions\/729"}],"wp:attachment":[{"href":"https:\/\/mugp.webs.upv.es\/inicio\/wp-json\/wp\/v2\/media?parent=27"}],"curies":[{"name":"wp","href":"https:\/\/api.w.org\/{rel}","templated":true}]}}