{"id":33,"date":"2014-11-01T19:01:17","date_gmt":"2014-11-01T19:01:17","guid":{"rendered":"http:\/\/mpa.webs.upv.es\/?page_id=33"},"modified":"2022-12-07T13:16:56","modified_gmt":"2022-12-07T13:16:56","slug":"practicas-en-empresa","status":"publish","type":"page","link":"https:\/\/mugp.webs.upv.es\/inicio\/programa\/practicas-en-empresa\/","title":{"rendered":"Empresas"},"content":{"rendered":"<p>En el dise\u00f1o del M\u00e1ster en Ganader\u00eda de Precisi\u00f3n han participado m\u00e1s de 30 empresas del sector, indicando los contenidos y capacidades que ven imprescindibles en los profesionales del presente y el futuro.<\/p>\n<p>Estas empresas colaboran activamente con el M\u00e1ster a trav\u00e9s de la generaci\u00f3n de Retos que resolver\u00e1n los estudiantes durante el curso y con la oferta de una bolsa de Pr\u00e1cticas en Empresa.<\/p>\n<p>Encuentra <a href=\"https:\/\/mugp.webs.upv.es\/wp-content\/uploads\/221205-Bolsa-Practicas_Fase2.pdf\">AQU\u00cd<\/a> las ofertas de pr\u00e1cticas vigentes<\/p>\n","protected":false},"excerpt":{"rendered":"<p>En el dise\u00f1o del M\u00e1ster en Ganader\u00eda de Precisi\u00f3n han participado m\u00e1s de 30 empresas del sector, indicando los contenidos y capacidades que ven imprescindibles en los profesionales del presente y el futuro. Estas empresas colaboran activamente con el M\u00e1ster a trav\u00e9s de la generaci\u00f3n de Retos que resolver\u00e1n los estudiantes durante el curso y [&hellip;]<\/p>\n","protected":false},"author":1,"featured_media":0,"parent":15,"menu_order":0,"comment_status":"closed","ping_status":"closed","template":"","meta":{"footnotes":""},"class_list":["post-33","page","type-page","status-publish","hentry"],"_links":{"self":[{"href":"https:\/\/mugp.webs.upv.es\/inicio\/wp-json\/wp\/v2\/pages\/33","targetHints":{"allow":["GET"]}}],"collection":[{"href":"https:\/\/mugp.webs.upv.es\/inicio\/wp-json\/wp\/v2\/pages"}],"about":[{"href":"https:\/\/mugp.webs.upv.es\/inicio\/wp-json\/wp\/v2\/types\/page"}],"author":[{"embeddable":true,"href":"https:\/\/mugp.webs.upv.es\/inicio\/wp-json\/wp\/v2\/users\/1"}],"replies":[{"embeddable":true,"href":"https:\/\/mugp.webs.upv.es\/inicio\/wp-json\/wp\/v2\/comments?post=33"}],"version-history":[{"count":7,"href":"https:\/\/mugp.webs.upv.es\/inicio\/wp-json\/wp\/v2\/pages\/33\/revisions"}],"predecessor-version":[{"id":732,"href":"https:\/\/mugp.webs.upv.es\/inicio\/wp-json\/wp\/v2\/pages\/33\/revisions\/732"}],"up":[{"embeddable":true,"href":"https:\/\/mugp.webs.upv.es\/inicio\/wp-json\/wp\/v2\/pages\/15"}],"wp:attachment":[{"href":"https:\/\/mugp.webs.upv.es\/inicio\/wp-json\/wp\/v2\/media?parent=33"}],"curies":[{"name":"wp","href":"https:\/\/api.w.org\/{rel}","templated":true}]}}