{"id":37,"date":"2014-11-01T19:02:22","date_gmt":"2014-11-01T19:02:22","guid":{"rendered":"http:\/\/mpa.webs.upv.es\/?page_id=37"},"modified":"2022-05-09T08:52:43","modified_gmt":"2022-05-09T08:52:43","slug":"contacto","status":"publish","type":"page","link":"https:\/\/mugp.webs.upv.es\/inicio\/contacto\/","title":{"rendered":"Contacto"},"content":{"rendered":"<section class=\"wpb-content-wrapper\"><p>[vc_row][vc_column][vc_column_text]<\/p>\n<p style=\"float: left; width: 50%; text-align: center;\"><strong>Director del M\u00e1ster<\/strong><br \/>\nFernando Estell\u00e9s<br \/>\nmugp@upv.es<br \/>\nTel.: +34 963 879 885<br \/>\nFax: +34 963 877 439<\/p>\n<p style=\"clear: both;\">Ponte en contacto con nosotros a trav\u00e9s del siguiente formulario:<\/p>\n<p>[\/vc_column_text][vc_column_text]\n<div class=\"wpcf7 no-js\" id=\"wpcf7-f5-o1\" lang=\"es-ES\" dir=\"ltr\" data-wpcf7-id=\"5\">\n<div class=\"screen-reader-response\"><p role=\"status\" aria-live=\"polite\" aria-atomic=\"true\"><\/p> <ul><\/ul><\/div>\n<form action=\"\/inicio\/wp-json\/wp\/v2\/pages\/37#wpcf7-f5-o1\" method=\"post\" class=\"wpcf7-form init\" aria-label=\"Formulario de contacto\" novalidate=\"novalidate\" data-status=\"init\">\n<fieldset class=\"hidden-fields-container\"><input type=\"hidden\" name=\"_wpcf7\" value=\"5\" \/><input type=\"hidden\" name=\"_wpcf7_version\" value=\"6.1.5\" \/><input type=\"hidden\" name=\"_wpcf7_locale\" value=\"es_ES\" \/><input type=\"hidden\" name=\"_wpcf7_unit_tag\" value=\"wpcf7-f5-o1\" \/><input type=\"hidden\" name=\"_wpcf7_container_post\" value=\"0\" \/><input type=\"hidden\" name=\"_wpcf7_posted_data_hash\" value=\"\" \/>\n<\/fieldset>\n<p>Su nombre (requerido)\n<\/p>\n<p><span class=\"wpcf7-form-control-wrap\" data-name=\"your-name\"><input size=\"40\" maxlength=\"400\" class=\"wpcf7-form-control wpcf7-text wpcf7-validates-as-required\" aria-required=\"true\" aria-invalid=\"false\" value=\"\" type=\"text\" name=\"your-name\" \/><\/span>\n<\/p>\n<p>Su e-mail (requerido)\n<\/p>\n<p><span class=\"wpcf7-form-control-wrap\" data-name=\"your-email\"><input size=\"40\" maxlength=\"400\" class=\"wpcf7-form-control wpcf7-email wpcf7-validates-as-required wpcf7-text wpcf7-validates-as-email\" aria-required=\"true\" aria-invalid=\"false\" value=\"\" type=\"email\" name=\"your-email\" \/><\/span>\n<\/p>\n<p>Asunto\n<\/p>\n<p><span class=\"wpcf7-form-control-wrap\" data-name=\"your-subject\"><input size=\"40\" maxlength=\"400\" class=\"wpcf7-form-control wpcf7-text wpcf7-validates-as-required\" aria-required=\"true\" aria-invalid=\"false\" value=\"\" type=\"text\" name=\"your-subject\" \/><\/span>\n<\/p>\n<p>Su mensaje\n<\/p>\n<p><span class=\"wpcf7-form-control-wrap\" data-name=\"your-message\"><textarea cols=\"40\" rows=\"10\" maxlength=\"2000\" class=\"wpcf7-form-control wpcf7-textarea\" aria-invalid=\"false\" name=\"your-message\"><\/textarea><\/span>\n<\/p>\n<p><input class=\"wpcf7-form-control wpcf7-submit has-spinner\" type=\"submit\" value=\"Enviar\" \/>\n<\/p><div class=\"wpcf7-response-output\" aria-hidden=\"true\"><\/div>\n<\/form>\n<\/div>\n\r\n\t\t\t\t<script>\r\n\t\t\t\tif ( typeof huOptions !== 'undefined' ) {\r\n\t\t\t\t\tvar huFormData = {\"source\":\"contactform7\",\"id\":5,\"title\":\"Formulario de contacto 1\",\"fields\":{\"subject\":{\"first_name\":\"your-name\",\"email\":\"your-email\"},\"preferences\":{\"terms\":\"your-consent\"}}};\r\n\t\t\t\t\tvar huFormNode = document.querySelector( '[id^=\"wpcf7-f5-\"] form' );\r\n\r\n\t\t\t\t\thuFormData['node'] = huFormNode;\r\n\t\t\t\t\thuOptions['forms'].push( huFormData );\r\n\t\t\t\t}\r\n\t\t\t\t<\/script>[\/vc_column_text][\/vc_column][vc_column width=\u00bb1\/2&#8243;][vc_column_text]<iframe loading=\"lazy\" style=\"border: 0;\" src=\"https:\/\/www.google.com\/maps\/embed?pb=!1m18!1m12!1m3!1d3079.4478105779485!2d-0.33990711639405446!3d39.481801736784405!2m3!1f0!2f0!3f0!3m2!1i1024!2i768!4f13.1!3m3!1m2!1s0xd604886a9707a5f%3A0x2e909d49c9d2b276!2sUniversidad+Politecnica+de+Valencia!5e0!3m2!1ses!2ses!4v1415014182826\" width=\"750\" height=\"400\" frameborder=\"0\"><\/iframe>[\/vc_column_text][vc_column_text]<strong>Escuela T\u00e9cnica Superior de Ingenier\u00eda Agron\u00f3mica y del Medio Natural<\/strong><br \/>\nUniversitat Polit\u00e8cnica de Val\u00e8ncia<br \/>\nCamino de Vera s\/n<br \/>\nValencia 46022 &#8211; Espa\u00f1a[\/vc_column_text]    \t<a class=\"btn button-45976 btn-primary \" href=\"https:\/\/mugp.webs.upv.es\/wp-content\/uploads\/plano7G.pdf\" data-delay=0 >\r\n        Descargar plano general de la UPV&nbsp;&nbsp;<i class=\"fa fa-angle-right\"><\/i>        <\/a>\r\n        [\/vc_column][\/vc_row]<\/p>\n<\/section>","protected":false},"excerpt":{"rendered":"<p>[vc_row][vc_column][vc_column_text] Director del M\u00e1ster Fernando Estell\u00e9s mugp@upv.es Tel.: +34 963 879 885 Fax: +34 963 877 439 Ponte en contacto con nosotros a trav\u00e9s del siguiente formulario: [\/vc_column_text][vc_column_text][\/vc_column_text][\/vc_column][vc_column width=\u00bb1\/2&#8243;][vc_column_text][\/vc_column_text][vc_column_text]Escuela T\u00e9cnica Superior de Ingenier\u00eda Agron\u00f3mica y del Medio Natural Universitat Polit\u00e8cnica de Val\u00e8ncia Camino de Vera s\/n Valencia 46022 &#8211; Espa\u00f1a[\/vc_column_text][\/vc_column][\/vc_row]<\/p>\n","protected":false},"author":1,"featured_media":0,"parent":0,"menu_order":0,"comment_status":"closed","ping_status":"closed","template":"","meta":{"footnotes":""},"class_list":["post-37","page","type-page","status-publish","hentry"],"_links":{"self":[{"href":"https:\/\/mugp.webs.upv.es\/inicio\/wp-json\/wp\/v2\/pages\/37","targetHints":{"allow":["GET"]}}],"collection":[{"href":"https:\/\/mugp.webs.upv.es\/inicio\/wp-json\/wp\/v2\/pages"}],"about":[{"href":"https:\/\/mugp.webs.upv.es\/inicio\/wp-json\/wp\/v2\/types\/page"}],"author":[{"embeddable":true,"href":"https:\/\/mugp.webs.upv.es\/inicio\/wp-json\/wp\/v2\/users\/1"}],"replies":[{"embeddable":true,"href":"https:\/\/mugp.webs.upv.es\/inicio\/wp-json\/wp\/v2\/comments?post=37"}],"version-history":[{"count":23,"href":"https:\/\/mugp.webs.upv.es\/inicio\/wp-json\/wp\/v2\/pages\/37\/revisions"}],"predecessor-version":[{"id":688,"href":"https:\/\/mugp.webs.upv.es\/inicio\/wp-json\/wp\/v2\/pages\/37\/revisions\/688"}],"wp:attachment":[{"href":"https:\/\/mugp.webs.upv.es\/inicio\/wp-json\/wp\/v2\/media?parent=37"}],"curies":[{"name":"wp","href":"https:\/\/api.w.org\/{rel}","templated":true}]}}