{"id":6,"date":"2014-11-01T18:26:22","date_gmt":"2014-11-01T18:26:22","guid":{"rendered":"http:\/\/mpa.webs.upv.es\/?page_id=6"},"modified":"2024-09-19T14:41:48","modified_gmt":"2024-09-19T14:41:48","slug":"inicio","status":"publish","type":"page","link":"https:\/\/mugp.webs.upv.es\/inicio\/","title":{"rendered":"Inicio"},"content":{"rendered":"<section class=\"wpb-content-wrapper\"><p>[vc_row][vc_column width=\u00bb1\/4&#8243;][vc_single_image image=\u00bb174&#8243; alignment=\u00bbcenter\u00bb][vc_column_text]<\/p>\n<h3 style=\"text-align: center;\">\u00bfQu\u00e9 es?<\/h3>\n<p style=\"text-align: center;\">El MUGP es la primera titulaci\u00f3n\u00a0Oficial en Ganader\u00eda de Precisi\u00f3n que se oferta en espa\u00f1ol. La modernizaci\u00f3n de la producci\u00f3n ganadera, requiere de profesionales preparados para un sector cada vez m\u00e1s tecnificado y en creciente expansi\u00f3n.<\/p>\n<p>[\/vc_column_text][\/vc_column][vc_column width=\u00bb1\/4&#8243;][vc_single_image image=\u00bb173&#8243; alignment=\u00bbcenter\u00bb][vc_column_text]<\/p>\n<h3 style=\"text-align: center;\">\u00bfD\u00f3nde se imparte?<\/h3>\n<p style=\"text-align: center;\">En la Universitat Polit\u00e8cnica de Val\u00e8ncia, en colaboraci\u00f3n con la Universidad Cardenal Herrera-CEU, aunque se permite su seguimiento remoto en gran parte de la titulaci\u00f3n.<\/p>\n<p>[\/vc_column_text][\/vc_column][vc_column width=\u00bb1\/4&#8243;][vc_single_image image=\u00bb172&#8243; alignment=\u00bbcenter\u00bb][vc_column_text]<\/p>\n<h3 style=\"text-align: center;\">\u00bfA qui\u00e9n va dirigido?<\/h3>\n<div style=\"text-align: center;\"><\/div>\n<div style=\"text-align: center;\">Este m\u00e1ster est\u00e1 enfocado a graduados en agronom\u00eda y veterinaria que quieran especializarse en sistemas de producci\u00f3n animal de vanguardia.<\/div>\n<p>[\/vc_column_text][\/vc_column][vc_column width=\u00bb1\/4&#8243;][vc_single_image image=\u00bb175&#8243; alignment=\u00bbcenter\u00bb][vc_column_text]<\/p>\n<h3 style=\"text-align: center;\">\u00bfPara qu\u00e9?<\/h3>\n<div style=\"text-align: center;\"><\/div>\n<div style=\"text-align: center;\">Para participar en la modernizaci\u00f3n de la producci\u00f3n ganadera, a trav\u00e9s de Herramientas Tecnol\u00f3gicas y Biotecnol\u00f3gicas, apoyando en la gesti\u00f3n de Big Data y con formaci\u00f3n en Gesti\u00f3n y Direcci\u00f3n Empresarial.<\/div>\n<p>[\/vc_column_text][\/vc_column][\/vc_row][vc_row u_row_style=\u00bb0&#8243; u_row_paralax=\u00bb0&#8243; u_row_scheme=\u00bb0&#8243; css=\u00bb.vc_custom_1415017955932{background-color: #f1f3d2 !important;}\u00bb][vc_column css=\u00bb.vc_custom_1652086144831{background-color: #f1f3d2 !important;}\u00bb offset=\u00bbvc_hidden-lg vc_hidden-md vc_hidden-sm vc_hidden-xs\u00bb]        <div class=\"event-listing un-grid-listing un-post-grid un-post-grid-784 \" data-delay=0>\r\n            <div class=\"grid-listing-wrap\">\r\n                <div class=\"grid-listing no-overlay-bottom\">\r\n                \t                    <div class=\"grid-item grid-header\">\r\n                        <div class=\"grid-item-inner main-color-1-bg dark-div\"  >\r\n                            <div class=\"grid-item-content event-item\">\r\n                                <h1>Programa<\/h1>                                <p>Asignaturas y materias<\/p>                                                                <a class=\"btn btn-default\" href=\"http:\/\/mpa.webs.upv.es\/programa\/\">Ver todas <i class=\"fa fa-angle-right\"><\/i><\/a>\r\n                                                            <\/div>\r\n                        <\/div>\r\n                    <\/div>\r\n                                                        <\/div>\r\n            <\/div>\r\n        <\/div><!--\/un-grid-listing-->\r\n                <style scoped>\r\n\t\t@media (min-width: 992px){\r\n\t\t\t.un-post-grid-784 .grid-item {\r\n\t\t\t\twidth: 20%;\r\n\t\t\t}\r\n\t\t}\r\n\t\t<\/style>\r\n        \t[\/vc_column][\/vc_row][vc_row u_row_style=\u00bb0&#8243; u_row_paralax=\u00bb0&#8243; u_row_scheme=\u00bb0&#8243;][vc_column offset=\u00bbvc_hidden-md vc_hidden-sm vc_hidden-xs\u00bb][vc_column_text]<\/p>\n<h2 style=\"text-align: center;\"><span style=\"color: #333333;\">Empresas Colaboradoras<\/span><\/h2>\n<p>[\/vc_column_text][vc_images_carousel images=\u00bb736,813,744,742,741,739,740,738,737,806&#8243; img_size=\u00bbfull\u00bb onclick=\u00bblink_no\u00bb slides_per_view=\u00bb6&#8243; hide_pagination_control=\u00bbyes\u00bb hide_prev_next_buttons=\u00bbyes\u00bb css=\u00bb.vc_custom_1726756895587{padding-right: 120px !important;padding-left: 120px !important;}\u00bb][vc_images_carousel images=\u00bb740,738,737,794,806&#8243; img_size=\u00bbfull\u00bb onclick=\u00bblink_no\u00bb slides_per_view=\u00bb6&#8243; hide_pagination_control=\u00bbyes\u00bb hide_prev_next_buttons=\u00bbyes\u00bb css=\u00bb.vc_custom_1697628687262{padding-right: 120px !important;padding-left: 120px !important;}\u00bb][\/vc_column][\/vc_row][vc_row u_row_style=\u00bb1&#8243; u_row_paralax=\u00bb0&#8243; u_row_scheme=\u00bb0&#8243;][vc_column offset=\u00bbvc_hidden-lg vc_hidden-md vc_hidden-sm\u00bb][vc_column_text]<\/p>\n<h2 style=\"text-align: center;\"><span style=\"color: #333333;\">Empresas Colaboradoras<\/span><\/h2>\n<p>[\/vc_column_text][vc_images_carousel images=\u00bb736,744,743,742,741,739,740,738,737,794&#8243; img_size=\u00bbfull\u00bb onclick=\u00bblink_no\u00bb speed=\u00bb2000&#8243; autoplay=\u00bbyes\u00bb hide_pagination_control=\u00bbyes\u00bb hide_prev_next_buttons=\u00bbyes\u00bb wrap=\u00bbyes\u00bb css=\u00bb.vc_custom_1675093064700{padding-right: 60px !important;padding-left: 60px !important;}\u00bb][\/vc_column][\/vc_row]<\/p>\n<\/section>","protected":false},"excerpt":{"rendered":"<p>[vc_row][vc_column width=\u00bb1\/4&#8243;][vc_single_image image=\u00bb174&#8243; alignment=\u00bbcenter\u00bb][vc_column_text] \u00bfQu\u00e9 es? El MUGP es la primera titulaci\u00f3n\u00a0Oficial en Ganader\u00eda de Precisi\u00f3n que se oferta en espa\u00f1ol. La modernizaci\u00f3n de la producci\u00f3n ganadera, requiere de profesionales preparados para un sector cada vez m\u00e1s tecnificado y en creciente expansi\u00f3n. [\/vc_column_text][\/vc_column][vc_column width=\u00bb1\/4&#8243;][vc_single_image image=\u00bb173&#8243; alignment=\u00bbcenter\u00bb][vc_column_text] \u00bfD\u00f3nde se imparte? En la Universitat Polit\u00e8cnica de Val\u00e8ncia, [&hellip;]<\/p>\n","protected":false},"author":1,"featured_media":0,"parent":0,"menu_order":0,"comment_status":"closed","ping_status":"closed","template":"page-templates\/front-page.php","meta":{"footnotes":""},"class_list":["post-6","page","type-page","status-publish","hentry"],"_links":{"self":[{"href":"https:\/\/mugp.webs.upv.es\/inicio\/wp-json\/wp\/v2\/pages\/6","targetHints":{"allow":["GET"]}}],"collection":[{"href":"https:\/\/mugp.webs.upv.es\/inicio\/wp-json\/wp\/v2\/pages"}],"about":[{"href":"https:\/\/mugp.webs.upv.es\/inicio\/wp-json\/wp\/v2\/types\/page"}],"author":[{"embeddable":true,"href":"https:\/\/mugp.webs.upv.es\/inicio\/wp-json\/wp\/v2\/users\/1"}],"replies":[{"embeddable":true,"href":"https:\/\/mugp.webs.upv.es\/inicio\/wp-json\/wp\/v2\/comments?post=6"}],"version-history":[{"count":71,"href":"https:\/\/mugp.webs.upv.es\/inicio\/wp-json\/wp\/v2\/pages\/6\/revisions"}],"predecessor-version":[{"id":814,"href":"https:\/\/mugp.webs.upv.es\/inicio\/wp-json\/wp\/v2\/pages\/6\/revisions\/814"}],"wp:attachment":[{"href":"https:\/\/mugp.webs.upv.es\/inicio\/wp-json\/wp\/v2\/media?parent=6"}],"curies":[{"name":"wp","href":"https:\/\/api.w.org\/{rel}","templated":true}]}}